{"id":1134,"date":"2024-02-01T17:58:07","date_gmt":"2024-02-01T16:58:07","guid":{"rendered":"https:\/\/cheval-espoir-38.fr\/?page_id=1134"},"modified":"2024-02-13T15:02:54","modified_gmt":"2024-02-13T14:02:54","slug":"la-presse-en-parle","status":"publish","type":"page","link":"https:\/\/cheval-espoir-38.fr\/index.php\/la-presse-en-parle\/","title":{"rendered":"La presse en parle"},"content":{"rendered":"\t\t<div data-elementor-type=\"wp-page\" data-elementor-id=\"1134\" class=\"elementor elementor-1134\">\n\t\t\t\t\t\t<section class=\"elementor-section elementor-top-section elementor-element elementor-element-c7b35d4 elementor-section-boxed elementor-section-height-default elementor-section-height-default\" data-id=\"c7b35d4\" data-element_type=\"section\">\n\t\t\t\t\t\t<div class=\"elementor-container elementor-column-gap-default\">\n\t\t\t\t\t<div class=\"elementor-column elementor-col-100 elementor-top-column elementor-element elementor-element-4f7c1ae\" data-id=\"4f7c1ae\" data-element_type=\"column\">\n\t\t\t<div class=\"elementor-widget-wrap elementor-element-populated\">\n\t\t\t\t\t\t<div class=\"elementor-element elementor-element-b1944c7 elementor-widget elementor-widget-heading\" data-id=\"b1944c7\" data-element_type=\"widget\" data-widget_type=\"heading.default\">\n\t\t\t\t<div class=\"elementor-widget-container\">\n\t\t\t\t\t<h1 class=\"elementor-heading-title elementor-size-default\">La presse en parle<\/h1>\t\t\t\t<\/div>\n\t\t\t\t<\/div>\n\t\t\t\t\t<\/div>\n\t\t<\/div>\n\t\t\t\t\t<\/div>\n\t\t<\/section>\n\t\t\t\t<section class=\"elementor-section elementor-top-section elementor-element elementor-element-a7b5545 elementor-section-boxed elementor-section-height-default elementor-section-height-default\" data-id=\"a7b5545\" data-element_type=\"section\">\n\t\t\t\t\t\t<div class=\"elementor-container elementor-column-gap-default\">\n\t\t\t\t\t<div class=\"elementor-column elementor-col-100 elementor-top-column elementor-element elementor-element-f1ffdd0\" data-id=\"f1ffdd0\" data-element_type=\"column\">\n\t\t\t<div class=\"elementor-widget-wrap elementor-element-populated\">\n\t\t\t\t\t\t<div class=\"elementor-element elementor-element-60c8c49 elementor-widget elementor-widget-spacer\" data-id=\"60c8c49\" data-element_type=\"widget\" data-widget_type=\"spacer.default\">\n\t\t\t\t<div class=\"elementor-widget-container\">\n\t\t\t\t\t\t\t<div class=\"elementor-spacer\">\n\t\t\t<div class=\"elementor-spacer-inner\"><\/div>\n\t\t<\/div>\n\t\t\t\t\t\t<\/div>\n\t\t\t\t<\/div>\n\t\t\t\t\t<\/div>\n\t\t<\/div>\n\t\t\t\t\t<\/div>\n\t\t<\/section>\n\t\t\t\t<section class=\"elementor-section elementor-top-section elementor-element elementor-element-f08d6a6 elementor-section-boxed elementor-section-height-default elementor-section-height-default\" data-id=\"f08d6a6\" data-element_type=\"section\">\n\t\t\t\t\t\t<div class=\"elementor-container elementor-column-gap-default\">\n\t\t\t\t\t<div class=\"elementor-column elementor-col-100 elementor-top-column elementor-element elementor-element-bc464cc\" data-id=\"bc464cc\" data-element_type=\"column\">\n\t\t\t<div class=\"elementor-widget-wrap elementor-element-populated\">\n\t\t\t\t\t\t<div class=\"elementor-element elementor-element-5626be2 elementor-widget elementor-widget-image\" data-id=\"5626be2\" data-element_type=\"widget\" data-widget_type=\"image.default\">\n\t\t\t\t<div class=\"elementor-widget-container\">\n\t\t\t\t\t\t\t\t\t\t\t\t\t\t\t<img fetchpriority=\"high\" decoding=\"async\" width=\"1170\" height=\"893\" src=\"https:\/\/cheval-espoir-38.fr\/wp-content\/uploads\/2024\/02\/image0.jpeg\" class=\"attachment-full size-full wp-image-1139\" alt=\"\" srcset=\"https:\/\/cheval-espoir-38.fr\/wp-content\/uploads\/2024\/02\/image0.jpeg 1170w, https:\/\/cheval-espoir-38.fr\/wp-content\/uploads\/2024\/02\/image0-300x229.jpeg 300w, https:\/\/cheval-espoir-38.fr\/wp-content\/uploads\/2024\/02\/image0-1024x782.jpeg 1024w, https:\/\/cheval-espoir-38.fr\/wp-content\/uploads\/2024\/02\/image0-768x586.jpeg 768w\" sizes=\"(max-width: 1170px) 100vw, 1170px\" \/>\t\t\t\t\t\t\t\t\t\t\t\t\t\t\t<\/div>\n\t\t\t\t<\/div>\n\t\t\t\t\t<\/div>\n\t\t<\/div>\n\t\t\t\t\t<\/div>\n\t\t<\/section>\n\t\t\t\t<section class=\"elementor-section elementor-top-section elementor-element elementor-element-cd69411 elementor-section-boxed elementor-section-height-default elementor-section-height-default\" data-id=\"cd69411\" data-element_type=\"section\">\n\t\t\t\t\t\t<div class=\"elementor-container elementor-column-gap-default\">\n\t\t\t\t\t<div class=\"elementor-column elementor-col-100 elementor-top-column elementor-element elementor-element-8197cc1\" data-id=\"8197cc1\" data-element_type=\"column\">\n\t\t\t<div class=\"elementor-widget-wrap elementor-element-populated\">\n\t\t\t\t\t\t<section class=\"elementor-section elementor-inner-section elementor-element elementor-element-c5b724c elementor-section-boxed elementor-section-height-default elementor-section-height-default\" data-id=\"c5b724c\" data-element_type=\"section\">\n\t\t\t\t\t\t<div class=\"elementor-container elementor-column-gap-default\">\n\t\t\t\t\t<div class=\"elementor-column elementor-col-50 elementor-inner-column elementor-element elementor-element-48d727e\" data-id=\"48d727e\" data-element_type=\"column\">\n\t\t\t<div class=\"elementor-widget-wrap elementor-element-populated\">\n\t\t\t\t\t\t<div class=\"elementor-element elementor-element-e795ccd elementor-widget elementor-widget-image\" data-id=\"e795ccd\" data-element_type=\"widget\" data-widget_type=\"image.default\">\n\t\t\t\t<div class=\"elementor-widget-container\">\n\t\t\t\t\t\t\t\t\t\t\t\t<figure class=\"wp-caption\">\n\t\t\t\t\t\t\t\t\t\t\t<a href=\"https:\/\/www.ledauphine.com\/faits-divers-justice\/2023\/10\/27\/isere-jardin-sept-chevaux-fameliques-retires-en-urgence-a-leur-proprietaire\" target=\"_blank\">\n\t\t\t\t\t\t\t<img decoding=\"async\" width=\"1000\" height=\"500\" src=\"https:\/\/cheval-espoir-38.fr\/wp-content\/uploads\/2024\/02\/sept-chevaux-souffrant-de-malnutrition-ont-ete-retires-de-leur-proprietaire-a-jardin-tout-comme-douze-chevres-non-declarees-dont-l-une-a-ete-decouverte-entravee-photo-dr-1698444585.jpg\" class=\"attachment-large size-large wp-image-1506\" alt=\"\" srcset=\"https:\/\/cheval-espoir-38.fr\/wp-content\/uploads\/2024\/02\/sept-chevaux-souffrant-de-malnutrition-ont-ete-retires-de-leur-proprietaire-a-jardin-tout-comme-douze-chevres-non-declarees-dont-l-une-a-ete-decouverte-entravee-photo-dr-1698444585.jpg 1000w, https:\/\/cheval-espoir-38.fr\/wp-content\/uploads\/2024\/02\/sept-chevaux-souffrant-de-malnutrition-ont-ete-retires-de-leur-proprietaire-a-jardin-tout-comme-douze-chevres-non-declarees-dont-l-une-a-ete-decouverte-entravee-photo-dr-1698444585-300x150.jpg 300w, https:\/\/cheval-espoir-38.fr\/wp-content\/uploads\/2024\/02\/sept-chevaux-souffrant-de-malnutrition-ont-ete-retires-de-leur-proprietaire-a-jardin-tout-comme-douze-chevres-non-declarees-dont-l-une-a-ete-decouverte-entravee-photo-dr-1698444585-768x384.jpg 768w\" sizes=\"(max-width: 1000px) 100vw, 1000px\" \/>\t\t\t\t\t\t\t\t<\/a>\n\t\t\t\t\t\t\t\t\t\t\t<figcaption class=\"widget-image-caption wp-caption-text\">octobre 2023 : Sept chevaux fam\u00e9liques retir\u00e9s en urgence \u00e0 leur propri\u00e9taire<\/figcaption>\n\t\t\t\t\t\t\t\t\t\t<\/figure>\n\t\t\t\t\t\t\t\t\t<\/div>\n\t\t\t\t<\/div>\n\t\t\t\t\t<\/div>\n\t\t<\/div>\n\t\t\t\t<div class=\"elementor-column elementor-col-50 elementor-inner-column elementor-element elementor-element-19a11c7\" data-id=\"19a11c7\" data-element_type=\"column\">\n\t\t\t<div class=\"elementor-widget-wrap elementor-element-populated\">\n\t\t\t\t\t\t<div class=\"elementor-element elementor-element-cd5a6ea elementor-widget elementor-widget-image\" data-id=\"cd5a6ea\" data-element_type=\"widget\" data-widget_type=\"image.default\">\n\t\t\t\t<div class=\"elementor-widget-container\">\n\t\t\t\t\t\t\t\t\t\t\t\t<figure class=\"wp-caption\">\n\t\t\t\t\t\t\t\t\t\t\t<a href=\"https:\/\/www.ledauphine.com\/societe\/2023\/02\/16\/cheval-cachectique-saisi-en-isere-deux-mois-apres-comment-gatsby-est-soigne\" target=\"_blank\">\n\t\t\t\t\t\t\t<img decoding=\"async\" width=\"503\" height=\"379\" src=\"https:\/\/cheval-espoir-38.fr\/wp-content\/uploads\/2024\/02\/Video.-Cheval-cachectique-saisi-en-Isere-deux-mois-apres-comment-Gatsby-est-soigne-Google-Chrome.jpg\" class=\"attachment-large size-large wp-image-1505\" alt=\"\" srcset=\"https:\/\/cheval-espoir-38.fr\/wp-content\/uploads\/2024\/02\/Video.-Cheval-cachectique-saisi-en-Isere-deux-mois-apres-comment-Gatsby-est-soigne-Google-Chrome.jpg 503w, https:\/\/cheval-espoir-38.fr\/wp-content\/uploads\/2024\/02\/Video.-Cheval-cachectique-saisi-en-Isere-deux-mois-apres-comment-Gatsby-est-soigne-Google-Chrome-300x226.jpg 300w\" sizes=\"(max-width: 503px) 100vw, 503px\" \/>\t\t\t\t\t\t\t\t<\/a>\n\t\t\t\t\t\t\t\t\t\t\t<figcaption class=\"widget-image-caption wp-caption-text\">f\u00e9vrier 2023 : Cheval cachectique saisi en Is\u00e8re : deux mois apr\u00e8s, comment Gatsby est soign\u00e9<\/figcaption>\n\t\t\t\t\t\t\t\t\t\t<\/figure>\n\t\t\t\t\t\t\t\t\t<\/div>\n\t\t\t\t<\/div>\n\t\t\t\t\t<\/div>\n\t\t<\/div>\n\t\t\t\t\t<\/div>\n\t\t<\/section>\n\t\t\t\t<section class=\"elementor-section elementor-inner-section elementor-element elementor-element-86be6c9 elementor-section-boxed elementor-section-height-default elementor-section-height-default\" data-id=\"86be6c9\" data-element_type=\"section\">\n\t\t\t\t\t\t<div class=\"elementor-container elementor-column-gap-default\">\n\t\t\t\t\t<div class=\"elementor-column elementor-col-50 elementor-inner-column elementor-element elementor-element-57d3b56\" data-id=\"57d3b56\" data-element_type=\"column\">\n\t\t\t<div class=\"elementor-widget-wrap elementor-element-populated\">\n\t\t\t\t\t\t<div class=\"elementor-element elementor-element-a934450 elementor-widget elementor-widget-image\" data-id=\"a934450\" data-element_type=\"widget\" data-widget_type=\"image.default\">\n\t\t\t\t<div class=\"elementor-widget-container\">\n\t\t\t\t\t\t\t\t\t\t\t\t<figure class=\"wp-caption\">\n\t\t\t\t\t\t\t\t\t\t\t<a href=\"https:\/\/www.ledauphine.com\/faits-divers-justice\/2022\/12\/20\/isere-trois-chevaux-cachectiques-retires-a-leur-proprietaire-une-jument-decedee\" target=\"_blank\">\n\t\t\t\t\t\t\t<img loading=\"lazy\" decoding=\"async\" width=\"1000\" height=\"500\" src=\"https:\/\/cheval-espoir-38.fr\/wp-content\/uploads\/2024\/02\/img23.jpg\" class=\"attachment-large size-large wp-image-1515\" alt=\"\" srcset=\"https:\/\/cheval-espoir-38.fr\/wp-content\/uploads\/2024\/02\/img23.jpg 1000w, https:\/\/cheval-espoir-38.fr\/wp-content\/uploads\/2024\/02\/img23-300x150.jpg 300w, https:\/\/cheval-espoir-38.fr\/wp-content\/uploads\/2024\/02\/img23-768x384.jpg 768w\" sizes=\"(max-width: 1000px) 100vw, 1000px\" \/>\t\t\t\t\t\t\t\t<\/a>\n\t\t\t\t\t\t\t\t\t\t\t<figcaption class=\"widget-image-caption wp-caption-text\">d\u00e9cembre 2022 : Trois chevaux cachectiques retir\u00e9s \u00e0 leur propri\u00e9taire, une jument d\u00e9c\u00e9d\u00e9e<\/figcaption>\n\t\t\t\t\t\t\t\t\t\t<\/figure>\n\t\t\t\t\t\t\t\t\t<\/div>\n\t\t\t\t<\/div>\n\t\t\t\t\t<\/div>\n\t\t<\/div>\n\t\t\t\t<div class=\"elementor-column elementor-col-50 elementor-inner-column elementor-element elementor-element-1de4dfa\" data-id=\"1de4dfa\" data-element_type=\"column\">\n\t\t\t<div class=\"elementor-widget-wrap elementor-element-populated\">\n\t\t\t\t\t\t<div class=\"elementor-element elementor-element-12cb586 elementor-widget elementor-widget-image\" data-id=\"12cb586\" data-element_type=\"widget\" data-widget_type=\"image.default\">\n\t\t\t\t<div class=\"elementor-widget-container\">\n\t\t\t\t\t\t\t\t\t\t\t\t<figure class=\"wp-caption\">\n\t\t\t\t\t\t\t\t\t\t\t<a href=\"https:\/\/www.ledauphine.com\/societe\/2022\/09\/30\/isere-saint-joseph-de-riviere-apres-le-deces-d-une-ponette-dans-le-pre-d-une-agricultrice-cheval-espoir-38-porte-plainte\" target=\"_blank\">\n\t\t\t\t\t\t\t<img loading=\"lazy\" decoding=\"async\" width=\"1000\" height=\"500\" src=\"https:\/\/cheval-espoir-38.fr\/wp-content\/uploads\/2024\/02\/img12.jpg\" class=\"attachment-large size-large wp-image-1511\" alt=\"\" srcset=\"https:\/\/cheval-espoir-38.fr\/wp-content\/uploads\/2024\/02\/img12.jpg 1000w, https:\/\/cheval-espoir-38.fr\/wp-content\/uploads\/2024\/02\/img12-300x150.jpg 300w, https:\/\/cheval-espoir-38.fr\/wp-content\/uploads\/2024\/02\/img12-768x384.jpg 768w\" sizes=\"(max-width: 1000px) 100vw, 1000px\" \/>\t\t\t\t\t\t\t\t<\/a>\n\t\t\t\t\t\t\t\t\t\t\t<figcaption class=\"widget-image-caption wp-caption-text\">septembre 2022 : Apr\u00e8s le d\u00e9c\u00e8s d\u2019une ponette dans le pr\u00e9 d\u2019une agricultrice, Cheval Espoir 38 porte plainte<\/figcaption>\n\t\t\t\t\t\t\t\t\t\t<\/figure>\n\t\t\t\t\t\t\t\t\t<\/div>\n\t\t\t\t<\/div>\n\t\t\t\t\t<\/div>\n\t\t<\/div>\n\t\t\t\t\t<\/div>\n\t\t<\/section>\n\t\t\t\t<section class=\"elementor-section elementor-inner-section elementor-element elementor-element-e8412c6 elementor-section-boxed elementor-section-height-default elementor-section-height-default\" data-id=\"e8412c6\" data-element_type=\"section\">\n\t\t\t\t\t\t<div class=\"elementor-container elementor-column-gap-default\">\n\t\t\t\t\t<div class=\"elementor-column elementor-col-50 elementor-inner-column elementor-element elementor-element-4807463\" data-id=\"4807463\" data-element_type=\"column\">\n\t\t\t<div class=\"elementor-widget-wrap elementor-element-populated\">\n\t\t\t\t\t\t<div class=\"elementor-element elementor-element-41e56d2 elementor-widget elementor-widget-image\" data-id=\"41e56d2\" data-element_type=\"widget\" data-widget_type=\"image.default\">\n\t\t\t\t<div class=\"elementor-widget-container\">\n\t\t\t\t\t\t\t\t\t\t\t\t<figure class=\"wp-caption\">\n\t\t\t\t\t\t\t\t\t\t\t<a href=\"https:\/\/www.ledauphine.com\/faits-divers-justice\/2023\/02\/18\/isere-moirans-jument-maltraitee-l-exploitant-agricole-condamne-en-appel\" target=\"_blank\">\n\t\t\t\t\t\t\t<img loading=\"lazy\" decoding=\"async\" width=\"1000\" height=\"500\" src=\"https:\/\/cheval-espoir-38.fr\/wp-content\/uploads\/2024\/02\/img24.jpg\" class=\"attachment-large size-large wp-image-1519\" alt=\"\" srcset=\"https:\/\/cheval-espoir-38.fr\/wp-content\/uploads\/2024\/02\/img24.jpg 1000w, https:\/\/cheval-espoir-38.fr\/wp-content\/uploads\/2024\/02\/img24-300x150.jpg 300w, https:\/\/cheval-espoir-38.fr\/wp-content\/uploads\/2024\/02\/img24-768x384.jpg 768w\" sizes=\"(max-width: 1000px) 100vw, 1000px\" \/>\t\t\t\t\t\t\t\t<\/a>\n\t\t\t\t\t\t\t\t\t\t\t<figcaption class=\"widget-image-caption wp-caption-text\">f\u00e9vrier 2023 : La jument maltrait\u00e9e avait d\u00fb \u00eatre euthanasi\u00e9e : l\u2019exploitant agricole condamn\u00e9 en appel<\/figcaption>\n\t\t\t\t\t\t\t\t\t\t<\/figure>\n\t\t\t\t\t\t\t\t\t<\/div>\n\t\t\t\t<\/div>\n\t\t\t\t\t<\/div>\n\t\t<\/div>\n\t\t\t\t<div class=\"elementor-column elementor-col-50 elementor-inner-column elementor-element elementor-element-ea0deeb\" data-id=\"ea0deeb\" data-element_type=\"column\">\n\t\t\t<div class=\"elementor-widget-wrap elementor-element-populated\">\n\t\t\t\t\t\t<div class=\"elementor-element elementor-element-963a94c elementor-widget elementor-widget-image\" data-id=\"963a94c\" data-element_type=\"widget\" data-widget_type=\"image.default\">\n\t\t\t\t<div class=\"elementor-widget-container\">\n\t\t\t\t\t\t\t\t\t\t\t\t<figure class=\"wp-caption\">\n\t\t\t\t\t\t\t\t\t\t\t<a href=\"https:\/\/www.ledauphine.com\/insolite\/2020\/08\/15\/une-ponette-retiree-a-son-proprietaire\" target=\"_blank\">\n\t\t\t\t\t\t\t<img loading=\"lazy\" decoding=\"async\" width=\"1000\" height=\"500\" src=\"https:\/\/cheval-espoir-38.fr\/wp-content\/uploads\/2024\/02\/img25.jpg\" class=\"attachment-large size-large wp-image-1523\" alt=\"\" srcset=\"https:\/\/cheval-espoir-38.fr\/wp-content\/uploads\/2024\/02\/img25.jpg 1000w, https:\/\/cheval-espoir-38.fr\/wp-content\/uploads\/2024\/02\/img25-300x150.jpg 300w, https:\/\/cheval-espoir-38.fr\/wp-content\/uploads\/2024\/02\/img25-768x384.jpg 768w\" sizes=\"(max-width: 1000px) 100vw, 1000px\" \/>\t\t\t\t\t\t\t\t<\/a>\n\t\t\t\t\t\t\t\t\t\t\t<figcaption class=\"widget-image-caption wp-caption-text\">ao\u00fbt 2020 : Une ponette retir\u00e9e \u00e0 son propri\u00e9taire<\/figcaption>\n\t\t\t\t\t\t\t\t\t\t<\/figure>\n\t\t\t\t\t\t\t\t\t<\/div>\n\t\t\t\t<\/div>\n\t\t\t\t\t<\/div>\n\t\t<\/div>\n\t\t\t\t\t<\/div>\n\t\t<\/section>\n\t\t\t\t<section class=\"elementor-section elementor-inner-section elementor-element elementor-element-e5cd5d4 elementor-section-boxed elementor-section-height-default elementor-section-height-default\" data-id=\"e5cd5d4\" data-element_type=\"section\">\n\t\t\t\t\t\t<div class=\"elementor-container elementor-column-gap-default\">\n\t\t\t\t\t<div class=\"elementor-column elementor-col-50 elementor-inner-column elementor-element elementor-element-839e811\" data-id=\"839e811\" data-element_type=\"column\">\n\t\t\t<div class=\"elementor-widget-wrap elementor-element-populated\">\n\t\t\t\t\t\t<div class=\"elementor-element elementor-element-34be79f elementor-widget elementor-widget-image\" data-id=\"34be79f\" data-element_type=\"widget\" data-widget_type=\"image.default\">\n\t\t\t\t<div class=\"elementor-widget-container\">\n\t\t\t\t\t\t\t\t\t\t\t\t<figure class=\"wp-caption\">\n\t\t\t\t\t\t\t\t\t\t\t<a href=\"https:\/\/www.leprogres.fr\/edition-est-lyonnais\/2020\/05\/09\/soupcons-de-maltraitance-sur-quinze-chevaux\" target=\"_blank\">\n\t\t\t\t\t\t\t<img loading=\"lazy\" decoding=\"async\" width=\"1000\" height=\"500\" src=\"https:\/\/cheval-espoir-38.fr\/wp-content\/uploads\/2024\/02\/img26.jpg\" class=\"attachment-large size-large wp-image-1527\" alt=\"\" srcset=\"https:\/\/cheval-espoir-38.fr\/wp-content\/uploads\/2024\/02\/img26.jpg 1000w, https:\/\/cheval-espoir-38.fr\/wp-content\/uploads\/2024\/02\/img26-300x150.jpg 300w, https:\/\/cheval-espoir-38.fr\/wp-content\/uploads\/2024\/02\/img26-768x384.jpg 768w\" sizes=\"(max-width: 1000px) 100vw, 1000px\" \/>\t\t\t\t\t\t\t\t<\/a>\n\t\t\t\t\t\t\t\t\t\t\t<figcaption class=\"widget-image-caption wp-caption-text\">mai 2020 : Colombier-Saugnieu : soup\u00e7ons de maltraitance sur 15 chevaux<\/figcaption>\n\t\t\t\t\t\t\t\t\t\t<\/figure>\n\t\t\t\t\t\t\t\t\t<\/div>\n\t\t\t\t<\/div>\n\t\t\t\t\t<\/div>\n\t\t<\/div>\n\t\t\t\t<div class=\"elementor-column elementor-col-50 elementor-inner-column elementor-element elementor-element-47197e4\" data-id=\"47197e4\" data-element_type=\"column\">\n\t\t\t<div class=\"elementor-widget-wrap\">\n\t\t\t\t\t\t\t<\/div>\n\t\t<\/div>\n\t\t\t\t\t<\/div>\n\t\t<\/section>\n\t\t\t\t\t<\/div>\n\t\t<\/div>\n\t\t\t\t\t<\/div>\n\t\t<\/section>\n\t\t\t\t<\/div>\n\t\t","protected":false},"excerpt":{"rendered":"<p>La presse en parle octobre 2023 : Sept chevaux fam\u00e9liques retir\u00e9s en urgence \u00e0 leur propri\u00e9taire f\u00e9vrier 2023 : Cheval cachectique saisi en Is\u00e8re : deux mois apr\u00e8s, comment Gatsby est soign\u00e9 d\u00e9cembre 2022 : Trois chevaux cachectiques retir\u00e9s \u00e0 leur propri\u00e9taire, une jument d\u00e9c\u00e9d\u00e9e septembre 2022 : Apr\u00e8s le d\u00e9c\u00e8s d\u2019une ponette dans le [&hellip;]<\/p>\n","protected":false},"author":1,"featured_media":0,"parent":0,"menu_order":0,"comment_status":"closed","ping_status":"closed","template":"elementor_header_footer","meta":{"ocean_post_layout":"","ocean_both_sidebars_style":"","ocean_both_sidebars_content_width":0,"ocean_both_sidebars_sidebars_width":0,"ocean_sidebar":"","ocean_second_sidebar":"","ocean_disable_margins":"enable","ocean_add_body_class":"","ocean_shortcode_before_top_bar":"","ocean_shortcode_after_top_bar":"","ocean_shortcode_before_header":"","ocean_shortcode_after_header":"","ocean_has_shortcode":"","ocean_shortcode_after_title":"","ocean_shortcode_before_footer_widgets":"","ocean_shortcode_after_footer_widgets":"","ocean_shortcode_before_footer_bottom":"","ocean_shortcode_after_footer_bottom":"","ocean_display_top_bar":"default","ocean_display_header":"default","ocean_header_style":"","ocean_center_header_left_menu":"","ocean_custom_header_template":"","ocean_custom_logo":0,"ocean_custom_retina_logo":0,"ocean_custom_logo_max_width":0,"ocean_custom_logo_tablet_max_width":0,"ocean_custom_logo_mobile_max_width":0,"ocean_custom_logo_max_height":0,"ocean_custom_logo_tablet_max_height":0,"ocean_custom_logo_mobile_max_height":0,"ocean_header_custom_menu":"","ocean_menu_typo_font_family":"","ocean_menu_typo_font_subset":"","ocean_menu_typo_font_size":0,"ocean_menu_typo_font_size_tablet":0,"ocean_menu_typo_font_size_mobile":0,"ocean_menu_typo_font_size_unit":"px","ocean_menu_typo_font_weight":"","ocean_menu_typo_font_weight_tablet":"","ocean_menu_typo_font_weight_mobile":"","ocean_menu_typo_transform":"","ocean_menu_typo_transform_tablet":"","ocean_menu_typo_transform_mobile":"","ocean_menu_typo_line_height":0,"ocean_menu_typo_line_height_tablet":0,"ocean_menu_typo_line_height_mobile":0,"ocean_menu_typo_line_height_unit":"","ocean_menu_typo_spacing":0,"ocean_menu_typo_spacing_tablet":0,"ocean_menu_typo_spacing_mobile":0,"ocean_menu_typo_spacing_unit":"","ocean_menu_link_color":"","ocean_menu_link_color_hover":"","ocean_menu_link_color_active":"","ocean_menu_link_background":"","ocean_menu_link_hover_background":"","ocean_menu_link_active_background":"","ocean_menu_social_links_bg":"","ocean_menu_social_hover_links_bg":"","ocean_menu_social_links_color":"","ocean_menu_social_hover_links_color":"","ocean_disable_title":"default","ocean_disable_heading":"default","ocean_post_title":"","ocean_post_subheading":"","ocean_post_title_style":"","ocean_post_title_background_color":"","ocean_post_title_background":0,"ocean_post_title_bg_image_position":"","ocean_post_title_bg_image_attachment":"","ocean_post_title_bg_image_repeat":"","ocean_post_title_bg_image_size":"","ocean_post_title_height":0,"ocean_post_title_bg_overlay":0.5,"ocean_post_title_bg_overlay_color":"","ocean_disable_breadcrumbs":"default","ocean_breadcrumbs_color":"","ocean_breadcrumbs_separator_color":"","ocean_breadcrumbs_links_color":"","ocean_breadcrumbs_links_hover_color":"","ocean_display_footer_widgets":"default","ocean_display_footer_bottom":"default","ocean_custom_footer_template":"","footnotes":""},"class_list":["post-1134","page","type-page","status-publish","hentry","entry"],"_links":{"self":[{"href":"https:\/\/cheval-espoir-38.fr\/index.php\/wp-json\/wp\/v2\/pages\/1134","targetHints":{"allow":["GET"]}}],"collection":[{"href":"https:\/\/cheval-espoir-38.fr\/index.php\/wp-json\/wp\/v2\/pages"}],"about":[{"href":"https:\/\/cheval-espoir-38.fr\/index.php\/wp-json\/wp\/v2\/types\/page"}],"author":[{"embeddable":true,"href":"https:\/\/cheval-espoir-38.fr\/index.php\/wp-json\/wp\/v2\/users\/1"}],"replies":[{"embeddable":true,"href":"https:\/\/cheval-espoir-38.fr\/index.php\/wp-json\/wp\/v2\/comments?post=1134"}],"version-history":[{"count":31,"href":"https:\/\/cheval-espoir-38.fr\/index.php\/wp-json\/wp\/v2\/pages\/1134\/revisions"}],"predecessor-version":[{"id":1530,"href":"https:\/\/cheval-espoir-38.fr\/index.php\/wp-json\/wp\/v2\/pages\/1134\/revisions\/1530"}],"wp:attachment":[{"href":"https:\/\/cheval-espoir-38.fr\/index.php\/wp-json\/wp\/v2\/media?parent=1134"}],"curies":[{"name":"wp","href":"https:\/\/api.w.org\/{rel}","templated":true}]}}