{"id":1429,"date":"2024-02-12T16:17:34","date_gmt":"2024-02-12T15:17:34","guid":{"rendered":"https:\/\/cheval-espoir-38.fr\/?page_id=1429"},"modified":"2024-02-12T16:41:25","modified_gmt":"2024-02-12T15:41:25","slug":"devenir-famille-daccueil","status":"publish","type":"page","link":"https:\/\/cheval-espoir-38.fr\/index.php\/devenir-famille-daccueil\/","title":{"rendered":"devenir famille d&rsquo;accueil"},"content":{"rendered":"\t\t<div data-elementor-type=\"wp-page\" data-elementor-id=\"1429\" class=\"elementor elementor-1429\">\n\t\t\t\t\t\t<section class=\"elementor-section elementor-top-section elementor-element elementor-element-dcb079a elementor-section-boxed elementor-section-height-default elementor-section-height-default\" data-id=\"dcb079a\" data-element_type=\"section\">\n\t\t\t\t\t\t\t<div class=\"elementor-background-overlay\"><\/div>\n\t\t\t\t\t\t\t<div class=\"elementor-container elementor-column-gap-default\">\n\t\t\t\t\t<div class=\"elementor-column elementor-col-100 elementor-top-column elementor-element elementor-element-113373a\" data-id=\"113373a\" data-element_type=\"column\">\n\t\t\t<div class=\"elementor-widget-wrap elementor-element-populated\">\n\t\t\t\t\t\t<div class=\"elementor-element elementor-element-c1b6389 elementor-widget elementor-widget-heading\" data-id=\"c1b6389\" data-element_type=\"widget\" data-widget_type=\"heading.default\">\n\t\t\t\t<div class=\"elementor-widget-container\">\n\t\t\t\t\t<h1 class=\"elementor-heading-title elementor-size-default\">Devenir Famille d'Accueil<\/h1>\t\t\t\t<\/div>\n\t\t\t\t<\/div>\n\t\t\t\t<section class=\"elementor-section elementor-inner-section elementor-element elementor-element-9e0d286 elementor-section-boxed elementor-section-height-default elementor-section-height-default\" data-id=\"9e0d286\" data-element_type=\"section\">\n\t\t\t\t\t\t<div class=\"elementor-container elementor-column-gap-default\">\n\t\t\t\t\t<div class=\"elementor-column elementor-col-50 elementor-inner-column elementor-element elementor-element-c0526af\" data-id=\"c0526af\" data-element_type=\"column\">\n\t\t\t<div class=\"elementor-widget-wrap elementor-element-populated\">\n\t\t\t\t\t\t<div class=\"elementor-element elementor-element-2094f31 elementor-widget elementor-widget-text-editor\" data-id=\"2094f31\" data-element_type=\"widget\" data-widget_type=\"text-editor.default\">\n\t\t\t\t<div class=\"elementor-widget-container\">\n\t\t\t\t\t\t\t\t\t<div>Devenir famille d\u2019accueil c\u2019est offrir le g\u00eete, le foin, du temps \u00e0 un cheval en pr\u00e9carit\u00e9 sanitaire ou ne pouvant faire l\u2019objet d\u2019une adoption.<\/div><div>Pour devenir famille d\u2019accueil nous faire une proposition par mail ou via whatsapp.<\/div><div><div>L\u2019association prend en charge les frais v\u00e9t\u00e9rinaires et sanitaires ainsi que les compl\u00e9ments.<\/div><div>Un contrat est \u00e9tabli avec la famille d\u2019accueil qui sera prioritaire en cas d\u2019adoption.<\/div><\/div>\t\t\t\t\t\t\t\t<\/div>\n\t\t\t\t<\/div>\n\t\t\t\t\t<\/div>\n\t\t<\/div>\n\t\t\t\t<div class=\"elementor-column elementor-col-50 elementor-inner-column elementor-element elementor-element-c9f3d82\" data-id=\"c9f3d82\" data-element_type=\"column\">\n\t\t\t<div class=\"elementor-widget-wrap elementor-element-populated\">\n\t\t\t\t\t\t<div class=\"elementor-element elementor-element-2987582 elementor-widget elementor-widget-text-editor\" data-id=\"2987582\" data-element_type=\"widget\" data-widget_type=\"text-editor.default\">\n\t\t\t\t<div class=\"elementor-widget-container\">\n\t\t\t\t\t\t\t\t\t<div>Envoyer un Descriptif de l\u2019accueil propos\u00e9 avec les \u00e9l\u00e9ments suivants :<\/div><ul><li>photos abris<\/li><li>photos Pr\u00e9\u00a0<\/li><li>photos compagnons<\/li><li>Liste des professionnels intervenants\u00a0<\/li><li>Type d\u2019accueil Urgence retrait maltraitance\u00a0<\/li><li>Long ou cours terme\u00a0<\/li><li>Comp\u00e9tences\u00a0<\/li><\/ul>\t\t\t\t\t\t\t\t<\/div>\n\t\t\t\t<\/div>\n\t\t\t\t\t<\/div>\n\t\t<\/div>\n\t\t\t\t\t<\/div>\n\t\t<\/section>\n\t\t\t\t<section class=\"elementor-section elementor-inner-section elementor-element elementor-element-437e035 elementor-section-full_width elementor-section-height-default elementor-section-height-default\" data-id=\"437e035\" data-element_type=\"section\">\n\t\t\t\t\t\t<div class=\"elementor-container elementor-column-gap-default\">\n\t\t\t\t\t<div class=\"elementor-column elementor-col-50 elementor-inner-column elementor-element elementor-element-6dac83a\" data-id=\"6dac83a\" data-element_type=\"column\">\n\t\t\t<div class=\"elementor-widget-wrap elementor-element-populated\">\n\t\t\t\t\t\t<div class=\"elementor-element elementor-element-3e209b8 elementor-widget elementor-widget-image\" data-id=\"3e209b8\" data-element_type=\"widget\" data-widget_type=\"image.default\">\n\t\t\t\t<div class=\"elementor-widget-container\">\n\t\t\t\t\t\t\t\t\t\t\t\t\t\t\t<img fetchpriority=\"high\" decoding=\"async\" width=\"1024\" height=\"987\" src=\"https:\/\/cheval-espoir-38.fr\/wp-content\/uploads\/2024\/02\/severine-1024x987.jpg\" class=\"attachment-large size-large wp-image-1433\" alt=\"\" srcset=\"https:\/\/cheval-espoir-38.fr\/wp-content\/uploads\/2024\/02\/severine-1024x987.jpg 1024w, https:\/\/cheval-espoir-38.fr\/wp-content\/uploads\/2024\/02\/severine-300x289.jpg 300w, https:\/\/cheval-espoir-38.fr\/wp-content\/uploads\/2024\/02\/severine-768x740.jpg 768w, https:\/\/cheval-espoir-38.fr\/wp-content\/uploads\/2024\/02\/severine.jpg 1280w\" sizes=\"(max-width: 1024px) 100vw, 1024px\" \/>\t\t\t\t\t\t\t\t\t\t\t\t\t\t\t<\/div>\n\t\t\t\t<\/div>\n\t\t\t\t\t<\/div>\n\t\t<\/div>\n\t\t\t\t<div class=\"elementor-column elementor-col-50 elementor-inner-column elementor-element elementor-element-8d7093a\" data-id=\"8d7093a\" data-element_type=\"column\">\n\t\t\t<div class=\"elementor-widget-wrap elementor-element-populated\">\n\t\t\t\t\t\t<div class=\"elementor-element elementor-element-c4b54ea elementor-widget elementor-widget-image\" data-id=\"c4b54ea\" data-element_type=\"widget\" data-widget_type=\"image.default\">\n\t\t\t\t<div class=\"elementor-widget-container\">\n\t\t\t\t\t\t\t\t\t\t\t\t\t\t\t<img decoding=\"async\" width=\"1024\" height=\"1006\" src=\"https:\/\/cheval-espoir-38.fr\/wp-content\/uploads\/2024\/02\/julie-1024x1006.jpg\" class=\"attachment-large size-large wp-image-1437\" alt=\"\" srcset=\"https:\/\/cheval-espoir-38.fr\/wp-content\/uploads\/2024\/02\/julie-1024x1006.jpg 1024w, https:\/\/cheval-espoir-38.fr\/wp-content\/uploads\/2024\/02\/julie-300x295.jpg 300w, https:\/\/cheval-espoir-38.fr\/wp-content\/uploads\/2024\/02\/julie-768x755.jpg 768w, https:\/\/cheval-espoir-38.fr\/wp-content\/uploads\/2024\/02\/julie.jpg 1280w\" sizes=\"(max-width: 1024px) 100vw, 1024px\" \/>\t\t\t\t\t\t\t\t\t\t\t\t\t\t\t<\/div>\n\t\t\t\t<\/div>\n\t\t\t\t\t<\/div>\n\t\t<\/div>\n\t\t\t\t\t<\/div>\n\t\t<\/section>\n\t\t\t\t<section class=\"elementor-section elementor-inner-section elementor-element elementor-element-8fcf424 elementor-section-full_width elementor-section-height-default elementor-section-height-default\" data-id=\"8fcf424\" data-element_type=\"section\">\n\t\t\t\t\t\t<div class=\"elementor-container elementor-column-gap-default\">\n\t\t\t\t\t<div class=\"elementor-column elementor-col-50 elementor-inner-column elementor-element elementor-element-b922fe5\" data-id=\"b922fe5\" data-element_type=\"column\">\n\t\t\t<div class=\"elementor-widget-wrap elementor-element-populated\">\n\t\t\t\t\t\t<div class=\"elementor-element elementor-element-562562f elementor-widget elementor-widget-image\" data-id=\"562562f\" data-element_type=\"widget\" data-widget_type=\"image.default\">\n\t\t\t\t<div class=\"elementor-widget-container\">\n\t\t\t\t\t\t\t\t\t\t\t\t\t\t\t<img decoding=\"async\" width=\"1024\" height=\"1014\" src=\"https:\/\/cheval-espoir-38.fr\/wp-content\/uploads\/2024\/02\/alex-1024x1014.jpg\" class=\"attachment-large size-large wp-image-1436\" alt=\"\" srcset=\"https:\/\/cheval-espoir-38.fr\/wp-content\/uploads\/2024\/02\/alex-1024x1014.jpg 1024w, https:\/\/cheval-espoir-38.fr\/wp-content\/uploads\/2024\/02\/alex-300x297.jpg 300w, https:\/\/cheval-espoir-38.fr\/wp-content\/uploads\/2024\/02\/alex-150x150.jpg 150w, https:\/\/cheval-espoir-38.fr\/wp-content\/uploads\/2024\/02\/alex-768x761.jpg 768w, https:\/\/cheval-espoir-38.fr\/wp-content\/uploads\/2024\/02\/alex.jpg 1280w\" sizes=\"(max-width: 1024px) 100vw, 1024px\" \/>\t\t\t\t\t\t\t\t\t\t\t\t\t\t\t<\/div>\n\t\t\t\t<\/div>\n\t\t\t\t\t<\/div>\n\t\t<\/div>\n\t\t\t\t<div class=\"elementor-column elementor-col-50 elementor-inner-column elementor-element elementor-element-e9e1529\" data-id=\"e9e1529\" data-element_type=\"column\">\n\t\t\t<div class=\"elementor-widget-wrap elementor-element-populated\">\n\t\t\t\t\t\t<div class=\"elementor-element elementor-element-8ffcaeb elementor-widget elementor-widget-image\" data-id=\"8ffcaeb\" data-element_type=\"widget\" data-widget_type=\"image.default\">\n\t\t\t\t<div class=\"elementor-widget-container\">\n\t\t\t\t\t\t\t\t\t\t\t\t\t\t\t<img loading=\"lazy\" decoding=\"async\" width=\"1024\" height=\"1018\" src=\"https:\/\/cheval-espoir-38.fr\/wp-content\/uploads\/2024\/02\/amandine-1024x1018.jpg\" class=\"attachment-large size-large wp-image-1434\" alt=\"\" srcset=\"https:\/\/cheval-espoir-38.fr\/wp-content\/uploads\/2024\/02\/amandine-1024x1018.jpg 1024w, https:\/\/cheval-espoir-38.fr\/wp-content\/uploads\/2024\/02\/amandine-300x298.jpg 300w, https:\/\/cheval-espoir-38.fr\/wp-content\/uploads\/2024\/02\/amandine-150x150.jpg 150w, https:\/\/cheval-espoir-38.fr\/wp-content\/uploads\/2024\/02\/amandine-768x763.jpg 768w, https:\/\/cheval-espoir-38.fr\/wp-content\/uploads\/2024\/02\/amandine.jpg 1280w\" sizes=\"(max-width: 1024px) 100vw, 1024px\" \/>\t\t\t\t\t\t\t\t\t\t\t\t\t\t\t<\/div>\n\t\t\t\t<\/div>\n\t\t\t\t\t<\/div>\n\t\t<\/div>\n\t\t\t\t\t<\/div>\n\t\t<\/section>\n\t\t\t\t<section class=\"elementor-section elementor-inner-section elementor-element elementor-element-909904e elementor-section-full_width elementor-section-height-default elementor-section-height-default\" data-id=\"909904e\" data-element_type=\"section\">\n\t\t\t\t\t\t<div class=\"elementor-container elementor-column-gap-default\">\n\t\t\t\t\t<div class=\"elementor-column elementor-col-50 elementor-inner-column elementor-element elementor-element-796dd90\" data-id=\"796dd90\" data-element_type=\"column\">\n\t\t\t<div class=\"elementor-widget-wrap elementor-element-populated\">\n\t\t\t\t\t\t<div class=\"elementor-element elementor-element-c01becf elementor-widget elementor-widget-image\" data-id=\"c01becf\" data-element_type=\"widget\" data-widget_type=\"image.default\">\n\t\t\t\t<div class=\"elementor-widget-container\">\n\t\t\t\t\t\t\t\t\t\t\t\t\t\t\t<img loading=\"lazy\" decoding=\"async\" width=\"1024\" height=\"1019\" src=\"https:\/\/cheval-espoir-38.fr\/wp-content\/uploads\/2024\/02\/sara-1024x1019.jpg\" class=\"attachment-large size-large wp-image-1435\" alt=\"\" srcset=\"https:\/\/cheval-espoir-38.fr\/wp-content\/uploads\/2024\/02\/sara-1024x1019.jpg 1024w, https:\/\/cheval-espoir-38.fr\/wp-content\/uploads\/2024\/02\/sara-300x300.jpg 300w, https:\/\/cheval-espoir-38.fr\/wp-content\/uploads\/2024\/02\/sara-150x150.jpg 150w, https:\/\/cheval-espoir-38.fr\/wp-content\/uploads\/2024\/02\/sara-768x764.jpg 768w, https:\/\/cheval-espoir-38.fr\/wp-content\/uploads\/2024\/02\/sara.jpg 1280w\" sizes=\"(max-width: 1024px) 100vw, 1024px\" \/>\t\t\t\t\t\t\t\t\t\t\t\t\t\t\t<\/div>\n\t\t\t\t<\/div>\n\t\t\t\t\t<\/div>\n\t\t<\/div>\n\t\t\t\t<div class=\"elementor-column elementor-col-50 elementor-inner-column elementor-element elementor-element-2a6195d\" data-id=\"2a6195d\" data-element_type=\"column\">\n\t\t\t<div class=\"elementor-widget-wrap elementor-element-populated\">\n\t\t\t\t\t\t<div class=\"elementor-element elementor-element-b60c3f0 elementor-widget elementor-widget-image\" data-id=\"b60c3f0\" data-element_type=\"widget\" data-widget_type=\"image.default\">\n\t\t\t\t<div class=\"elementor-widget-container\">\n\t\t\t\t\t\t\t\t\t\t\t\t\t\t\t<img loading=\"lazy\" decoding=\"async\" width=\"1022\" height=\"1024\" src=\"https:\/\/cheval-espoir-38.fr\/wp-content\/uploads\/2024\/02\/sandrine-1022x1024.jpg\" class=\"attachment-large size-large wp-image-1432\" alt=\"\" srcset=\"https:\/\/cheval-espoir-38.fr\/wp-content\/uploads\/2024\/02\/sandrine-1022x1024.jpg 1022w, https:\/\/cheval-espoir-38.fr\/wp-content\/uploads\/2024\/02\/sandrine-300x300.jpg 300w, https:\/\/cheval-espoir-38.fr\/wp-content\/uploads\/2024\/02\/sandrine-150x150.jpg 150w, https:\/\/cheval-espoir-38.fr\/wp-content\/uploads\/2024\/02\/sandrine-768x769.jpg 768w, https:\/\/cheval-espoir-38.fr\/wp-content\/uploads\/2024\/02\/sandrine-600x600.jpg 600w, https:\/\/cheval-espoir-38.fr\/wp-content\/uploads\/2024\/02\/sandrine.jpg 1278w\" sizes=\"(max-width: 1022px) 100vw, 1022px\" \/>\t\t\t\t\t\t\t\t\t\t\t\t\t\t\t<\/div>\n\t\t\t\t<\/div>\n\t\t\t\t\t<\/div>\n\t\t<\/div>\n\t\t\t\t\t<\/div>\n\t\t<\/section>\n\t\t\t\t\t<\/div>\n\t\t<\/div>\n\t\t\t\t\t<\/div>\n\t\t<\/section>\n\t\t\t\t<\/div>\n\t\t","protected":false},"excerpt":{"rendered":"<p>Devenir Famille d&rsquo;Accueil Devenir famille d\u2019accueil c\u2019est offrir le g\u00eete, le foin, du temps \u00e0 un cheval en pr\u00e9carit\u00e9 sanitaire ou ne pouvant faire l\u2019objet d\u2019une adoption.Pour devenir famille d\u2019accueil nous faire une proposition par mail ou via whatsapp.L\u2019association prend en charge les frais v\u00e9t\u00e9rinaires et sanitaires ainsi que les compl\u00e9ments.Un contrat est \u00e9tabli avec [&hellip;]<\/p>\n","protected":false},"author":1,"featured_media":0,"parent":0,"menu_order":0,"comment_status":"closed","ping_status":"closed","template":"elementor_header_footer","meta":{"ocean_post_layout":"","ocean_both_sidebars_style":"","ocean_both_sidebars_content_width":0,"ocean_both_sidebars_sidebars_width":0,"ocean_sidebar":"","ocean_second_sidebar":"","ocean_disable_margins":"enable","ocean_add_body_class":"","ocean_shortcode_before_top_bar":"","ocean_shortcode_after_top_bar":"","ocean_shortcode_before_header":"","ocean_shortcode_after_header":"","ocean_has_shortcode":"","ocean_shortcode_after_title":"","ocean_shortcode_before_footer_widgets":"","ocean_shortcode_after_footer_widgets":"","ocean_shortcode_before_footer_bottom":"","ocean_shortcode_after_footer_bottom":"","ocean_display_top_bar":"default","ocean_display_header":"default","ocean_header_style":"","ocean_center_header_left_menu":"","ocean_custom_header_template":"","ocean_custom_logo":0,"ocean_custom_retina_logo":0,"ocean_custom_logo_max_width":0,"ocean_custom_logo_tablet_max_width":0,"ocean_custom_logo_mobile_max_width":0,"ocean_custom_logo_max_height":0,"ocean_custom_logo_tablet_max_height":0,"ocean_custom_logo_mobile_max_height":0,"ocean_header_custom_menu":"","ocean_menu_typo_font_family":"","ocean_menu_typo_font_subset":"","ocean_menu_typo_font_size":0,"ocean_menu_typo_font_size_tablet":0,"ocean_menu_typo_font_size_mobile":0,"ocean_menu_typo_font_size_unit":"px","ocean_menu_typo_font_weight":"","ocean_menu_typo_font_weight_tablet":"","ocean_menu_typo_font_weight_mobile":"","ocean_menu_typo_transform":"","ocean_menu_typo_transform_tablet":"","ocean_menu_typo_transform_mobile":"","ocean_menu_typo_line_height":0,"ocean_menu_typo_line_height_tablet":0,"ocean_menu_typo_line_height_mobile":0,"ocean_menu_typo_line_height_unit":"","ocean_menu_typo_spacing":0,"ocean_menu_typo_spacing_tablet":0,"ocean_menu_typo_spacing_mobile":0,"ocean_menu_typo_spacing_unit":"","ocean_menu_link_color":"","ocean_menu_link_color_hover":"","ocean_menu_link_color_active":"","ocean_menu_link_background":"","ocean_menu_link_hover_background":"","ocean_menu_link_active_background":"","ocean_menu_social_links_bg":"","ocean_menu_social_hover_links_bg":"","ocean_menu_social_links_color":"","ocean_menu_social_hover_links_color":"","ocean_disable_title":"default","ocean_disable_heading":"default","ocean_post_title":"","ocean_post_subheading":"","ocean_post_title_style":"","ocean_post_title_background_color":"","ocean_post_title_background":0,"ocean_post_title_bg_image_position":"","ocean_post_title_bg_image_attachment":"","ocean_post_title_bg_image_repeat":"","ocean_post_title_bg_image_size":"","ocean_post_title_height":0,"ocean_post_title_bg_overlay":0.5,"ocean_post_title_bg_overlay_color":"","ocean_disable_breadcrumbs":"default","ocean_breadcrumbs_color":"","ocean_breadcrumbs_separator_color":"","ocean_breadcrumbs_links_color":"","ocean_breadcrumbs_links_hover_color":"","ocean_display_footer_widgets":"default","ocean_display_footer_bottom":"default","ocean_custom_footer_template":"","footnotes":""},"class_list":["post-1429","page","type-page","status-publish","hentry","entry"],"_links":{"self":[{"href":"https:\/\/cheval-espoir-38.fr\/index.php\/wp-json\/wp\/v2\/pages\/1429","targetHints":{"allow":["GET"]}}],"collection":[{"href":"https:\/\/cheval-espoir-38.fr\/index.php\/wp-json\/wp\/v2\/pages"}],"about":[{"href":"https:\/\/cheval-espoir-38.fr\/index.php\/wp-json\/wp\/v2\/types\/page"}],"author":[{"embeddable":true,"href":"https:\/\/cheval-espoir-38.fr\/index.php\/wp-json\/wp\/v2\/users\/1"}],"replies":[{"embeddable":true,"href":"https:\/\/cheval-espoir-38.fr\/index.php\/wp-json\/wp\/v2\/comments?post=1429"}],"version-history":[{"count":13,"href":"https:\/\/cheval-espoir-38.fr\/index.php\/wp-json\/wp\/v2\/pages\/1429\/revisions"}],"predecessor-version":[{"id":1450,"href":"https:\/\/cheval-espoir-38.fr\/index.php\/wp-json\/wp\/v2\/pages\/1429\/revisions\/1450"}],"wp:attachment":[{"href":"https:\/\/cheval-espoir-38.fr\/index.php\/wp-json\/wp\/v2\/media?parent=1429"}],"curies":[{"name":"wp","href":"https:\/\/api.w.org\/{rel}","templated":true}]}}